{"id":887,"date":"2017-12-14T16:24:26","date_gmt":"2017-12-14T15:24:26","guid":{"rendered":"https:\/\/camps-escala.com\/?page_id=887"},"modified":"2023-06-19T13:04:48","modified_gmt":"2023-06-19T11:04:48","slug":"politica-de-cookies","status":"publish","type":"page","link":"https:\/\/camps-escala.com\/es\/politica-de-cookies\/","title":{"rendered":"Pol\u00edtica de cookies"},"content":{"rendered":"\t\t<div data-elementor-type=\"wp-page\" data-elementor-id=\"887\" class=\"elementor elementor-887 elementor-670\" data-elementor-post-type=\"page\">\n\t\t\t\t<div class=\"elementor-element elementor-element-21019d6 e-flex e-con-boxed e-con e-parent\" data-id=\"21019d6\" data-element_type=\"container\">\n\t\t\t\t\t<div class=\"e-con-inner\">\n\t\t\t\t<div class=\"elementor-element elementor-element-cfdbb08 elementor-widget elementor-widget-heading\" data-id=\"cfdbb08\" data-element_type=\"widget\" data-widget_type=\"heading.default\">\n\t\t\t\t<div class=\"elementor-widget-container\">\n\t\t\t\t\t<h1 class=\"elementor-heading-title elementor-size-default\">POL\u00cdTICA DE COOKIES<\/h1>\t\t\t\t<\/div>\n\t\t\t\t<\/div>\n\t\t\t\t<div class=\"elementor-element elementor-element-217768a elementor-widget elementor-widget-text-editor\" data-id=\"217768a\" data-element_type=\"widget\" data-widget_type=\"text-editor.default\">\n\t\t\t\t<div class=\"elementor-widget-container\">\n\t\t\t\t\t\t\t\t\t<p>Una \u00abCookie\u00bb \u00e9s un petit arxiu que s\u2019emmagatzema a l\u2019ordinador de l\u2019usuari i ens permet recon\u00e8ixer-lo. El conjunt de \u00abcookies\u00bb ens ajuda a millorar la qualitat del nostre web, permetent-nos controlar quines p\u00e0gines s\u00f3n \u00fatils per als nostres usuaris i quines no.<\/p>\n<p>Les cookies s\u00f3n essencials per al funcionament d\u2019internet, aportant innumerables avantatges en la prestaci\u00f3 de serveis interactius, facilitant-li la navegaci\u00f3 i operativitat del nostre lloc web. Tingui en compte que les cookies no poden espatllar el seu equip i que, a canvi, el fet que estiguin activades ens ajuda a identificar i resoldre els errors.<\/p>\n<p>La informaci\u00f3 que li proporcionem a continuaci\u00f3, l\u2019ajudar\u00e0 a comprendre els diferents tipus de cookies:<\/p>\n<p><strong>_ Cookies de sessi\u00f3:<\/strong> s\u00f3n cookies temporals que romanen a l\u2019arxiu de cookies del seu navegador fins al moment en qu\u00e8 abandona el lloc web, pel que cap d\u2019aquestes queda registrada al disc dur de l\u2019usuari. La informaci\u00f3 obtinguda per mitj\u00e0 d\u2019aquestes cookies, serveixen per analitzar pautes de tr\u00e0nsit al web. A la llarga, aquest fet ens permet proporcionar una millor experi\u00e8ncia per a millorar el contingut i facilitant-ne el seu \u00fas.<\/p>\n<p><strong>_ Cookies permanents:<\/strong> s\u00f3n emmagatzemades al disc dur i el nostre web les llegeix cada cop que vost\u00e8 torna a visitar-lo. Aquestes cookies compten amb una data d\u2019expiraci\u00f3 determinada despr\u00e9s de la qual deixar\u00e0 de funcionar.<\/p>\n<p>A continuaci\u00f3 publiquem una relaci\u00f3 de les principals cookies utilitzades al nostre Web, distingint:<\/p>\n<p><strong>_ Les cookies estrictament necess\u00e0ries<\/strong>, com per exemple, aquelles que serveixen per a una correcta navegaci\u00f3 o les que permeten realitzar serveis sol\u00b7licitats per l\u2019usuari o cookies que serveixen per a garantir que el contingut del lloc web es carrega efica\u00e7ment.<\/p>\n<p><strong>_ Les cookies de tercers<\/strong>, com per exemple, les utilitzades per xarxes socials, o per complements externs de contingut.<br \/>\n<strong>_ Les cookies anal\u00edtiques<\/strong>, compilen dades estad\u00edstiques de l\u2019activitat amb prop\u00f2sits de manteniment peri\u00f2dic i amb l\u2019objectiu de garantir el millor servei possible a l\u2019usuari.<\/p>\n<h3><strong>RELACI\u00d3 I DESCRIPCI\u00d3 DE LES COOKIES QUE UTILITZEM AL LLOC WEB:<\/strong><\/h3>\n<p>La taula que publiquem a continuaci\u00f3 recull, de manera esquematitzada, les cookies que utilitzem al nostre lloc web:<\/p>\n<table>\n<tbody>\n<tr>\n<td style=\"text-align: center;\"><strong>Cookie<\/strong><\/td>\n<td style=\"text-align: center;\"><strong>Nom<\/strong><\/td>\n<td style=\"text-align: center;\"><strong>Finalitat \/ M\u00e9s informaci\u00f3<\/strong><\/td>\n<td style=\"text-align: center;\"><strong>Venciment<\/strong><\/td>\n<\/tr>\n<tr>\n<td>www.camps-escala.com<\/td>\n<td>redux_current_tab<\/td>\n<td>Cookie per millorar la navegaci\u00f3 a la web.<\/td>\n<td>1 setmana<\/td>\n<\/tr>\n<tr>\n<td><\/td>\n<td>\u00a0wordpress_logged_in<\/td>\n<td>Aquesta cookie \u00e9s necess\u00e0ria per a WordPress. Aquesta cookie recorda si esteu autenticat al portal mentre navegues entre les p\u00e0gines.<\/td>\n<td>\u00a0Sessi\u00f3<\/td>\n<\/tr>\n<tr>\n<td><\/td>\n<td>\u00a0wordpress_sec<\/td>\n<td>Aquesta cookie s&#8217;utilitza en les entrades al panell d&#8217;administraci\u00f3 de WordPress per autentificar les connexions SSL.<\/td>\n<td>\u00a0Sessi\u00f3<\/td>\n<\/tr>\n<tr>\n<td><\/td>\n<td>\u00a0WP+Cookie+check<\/td>\n<td><\/td>\n<td>\u00a0Sessi\u00f3<\/td>\n<\/tr>\n<tr>\n<td><\/td>\n<td>\u00a0wp-saving-post<\/td>\n<td>Aquesta cookie s&#8217;utilitza per a auto-guardar el post en l&#8217;editor.<\/td>\n<td>\u00a01 dia<\/td>\n<\/tr>\n<tr>\n<td><\/td>\n<td>\u00a0wp-settings-2<\/td>\n<td>Aquesta cookie s&#8217;utilitza per personalitzar la interf\u00edcie d&#8217;usuari<\/td>\n<td>\u00a03 dies<\/td>\n<\/tr>\n<tr>\n<td><\/td>\n<td>\u00a0wp-settings-time-2<\/td>\n<td>Aquesta cookie s&#8217;utilitza per personalitzar la interf\u00edcie d&#8217;usuari<\/td>\n<td>\u00a03 dies<\/td>\n<\/tr>\n<tr>\n<td>\u00a0Cookies\u00a0 google.com<\/td>\n<td>\u00a01P_JAR<\/td>\n<td>Google cookie. Aquestes cookies s&#8217;utilitzen per recopilar estad\u00edstiques del lloc web i fer un seguiment de les taxes de conversi\u00f3.<\/td>\n<td>\u00a010 dies<\/td>\n<\/tr>\n<tr>\n<td><\/td>\n<td>\u00a0CONSENT<\/td>\n<td>Cookie de Google Maps, s\u2019utilitza per el funcionament del mapa de Google a la p\u00e0gina de contacte.<\/td>\n<td><\/td>\n<\/tr>\n<tr>\n<td><\/td>\n<td>\u00a0NID<\/td>\n<td>Per fer la publicitat mes atractiva<\/td>\n<td>\u00a06 mesos<\/td>\n<\/tr>\n<tr>\n<td><\/td>\n<td>\u00a0_utma<\/td>\n<td>Utilitzem Google Analytics per a fins estad\u00edstics i mesurament interna de les visites.<\/td>\n<td>\u00a02 anys<\/td>\n<\/tr>\n<tr>\n<td><\/td>\n<td>\u00a0_utmb<\/td>\n<td>Utilitzem Google Analytics per a fins estad\u00edstics i mesurament interna de les visites.<\/td>\n<td>\u00a030 minuts<\/td>\n<\/tr>\n<tr>\n<td><\/td>\n<td>\u00a0_utmt<\/td>\n<td>Utilitzem Google Analytics per a fins estad\u00edstics i mesurament interna de les visites.<\/td>\n<td>\u00a0Sessi\u00f3<\/td>\n<\/tr>\n<tr>\n<td><\/td>\n<td>\u00a0_utmz<\/td>\n<td>Utilitzem Google Analytics per a fins estad\u00edstics i mesurament interna de les visites.<\/td>\n<td>\u00a06 mesos<\/td>\n<\/tr>\n<tr>\n<td><\/td>\n<td>\u00a0GAPS<\/td>\n<td>Mentre romangui amb la sessi\u00f3 de Google activa i utilitzeu complements en altres llocs web com el nostre, Google far\u00e0 \u00fas d&#8217;aquestes cookies per millorar la seva experi\u00e8ncia d&#8217;\u00fas.<\/td>\n<td>\u00a02 anys<\/td>\n<\/tr>\n<\/tbody>\n<\/table>\n<p><strong>Garanties complement\u00e0ries \u2013 Gesti\u00f3 de cookies:<\/strong><br \/>\nCom a garantia complement\u00e0ria a les anteriorment descrites, el registre de les cookies podr\u00e0 estar subjecte a la seva acceptaci\u00f3 durant la instal\u00b7laci\u00f3 o posada al dia del navegador emprat. Aquesta acceptaci\u00f3 pot en tot moment ser revocada mitjan\u00e7ant les opcions de configuraci\u00f3 de continguts i privacitat disponibles.<br \/>\nMolts navegadors permeten activar un mode privat mitjan\u00e7ant el qual les cookies s\u2019esborren sempre despr\u00e9s de la seva visita. Depenent de cada navegador, aquest mode privat pot tenir diferents noms. A continuaci\u00f3 trobar\u00e0 una llista dels navegadors m\u00e9s comuns i els diferents noms que rep aquest \u201cmode privat\u201d:<\/p>\n<p><strong>Internet Explorer 8<\/strong> i superior; InPrivate<br \/>\n<strong>Safari 2<\/strong> i superior; Navegaci\u00f3 Privada<br \/>\n<strong>Opera 10.5<\/strong> i superior; Navegaci\u00f3 Privada<br \/>\n<strong>FireFox 3.5<\/strong> i superior; Navegaci\u00f3 Privada<br \/>\n<strong>Google Chrome 10<\/strong> i superior; Inc\u00f2gnit<\/p>\n<p>Aix\u00ed mateix, Per permetre, con\u00e8ixer, bloquejar o eliminar les cookies instal\u00b7lades en el teu equip pots fer-ho mitjan\u00e7ant la configuraci\u00f3 de les opcions del navegador instal\u00b7lat en el teu ordinador. Per exemple, pots trobar informaci\u00f3 sobre com fer-ho en el cas que usis com a navegador:<\/p>\n<p><strong>Internet Explorer des d\u2019 aqu\u00ed:<\/strong><br \/>\n<a href=\"http:\/\/windows.microsoft.com\/es-es\/windows7\/how-to-manage-cookies-in-internet-explorer-9\">http:\/\/windows.microsoft.com\/es-es\/windows7\/how-to-manage-cookies-in-internet-explorer-9<\/a><br \/>\n<strong>Safari des d\u2019 aqu\u00ed:<\/strong><br \/>\n<a href=\"http:\/\/support.apple.com\/kb\/ph5042\">http:\/\/support.apple.com\/kb\/ph5042<\/a><br \/>\n<strong>Opera des d\u2019 aqu\u00ed:<\/strong><br \/>\n<a href=\"http:\/\/help.opera.com\/Windows\/11.50\/es-ES\/cookies.html\">http:\/\/help.opera.com\/Windows\/11.50\/es-ES\/cookies.html<\/a><br \/>\n<strong>Firefox des d\u2019 aqu\u00ed:<\/strong><br \/>\n<a href=\"http:\/\/support.mozilla.org\/es\/kb\/habilitar-y-deshabilitar-cookies-que-los-sitios-we\">http:\/\/support.mozilla.org\/es\/kb\/habilitar-y-deshabilitar-cookies-que-los-sitios-we<\/a><br \/>\n<strong>Google Chrome des d\u2019 aqu\u00ed:<\/strong><br \/>\n<a href=\"http:\/\/support.google.com\/chrome\/bin\/answer.py?hl=es&amp;answer=95647\">http:\/\/support.google.com\/chrome\/bin\/answer.py?hl=es&amp;answer=95647<\/a><\/p>\n<p><strong>Important:<\/strong> Si us plau, llegeixi atentament la secci\u00f3 d\u2019ajuda del seu navegador per a con\u00e8ixer m\u00e9s sobre com activar el \u201cmode privat\u201d. Podr\u00e0 seguir visitant la nostra p\u00e0gina web tot i tenir activat aquest \u201cmode privat\u201d, <strong>si b\u00e9 la navegaci\u00f3 per la p\u00e0gina web pot no ser \u00f2ptima i algunes utilitats poden no funcionar correctament<\/strong>.[\/vc_column_text][\/vc_column][\/vc_row]<\/p>\n\t\t\t\t\t\t\t\t<\/div>\n\t\t\t\t<\/div>\n\t\t\t\t\t<\/div>\n\t\t\t\t<\/div>\n\t\t\t\t<\/div>\n\t\t","protected":false},"excerpt":{"rendered":"<p>POL\u00cdTICA DE COOKIES Una \u00abCookie\u00bb \u00e9s un petit arxiu que s\u2019emmagatzema a l\u2019ordinador de l\u2019usuari i ens permet recon\u00e8ixer-lo. El conjunt de \u00abcookies\u00bb ens ajuda a millorar la qualitat del nostre web, permetent-nos controlar quines p\u00e0gines s\u00f3n \u00fatils per als nostres usuaris i quines no. Les cookies s\u00f3n essencials per al funcionament d\u2019internet, aportant innumerables [&hellip;]<\/p>\n","protected":false},"author":2,"featured_media":0,"parent":0,"menu_order":0,"comment_status":"closed","ping_status":"closed","template":"","meta":{"footnotes":""},"class_list":["post-887","page","type-page","status-publish","hentry"],"_links":{"self":[{"href":"https:\/\/camps-escala.com\/es\/wp-json\/wp\/v2\/pages\/887","targetHints":{"allow":["GET"]}}],"collection":[{"href":"https:\/\/camps-escala.com\/es\/wp-json\/wp\/v2\/pages"}],"about":[{"href":"https:\/\/camps-escala.com\/es\/wp-json\/wp\/v2\/types\/page"}],"author":[{"embeddable":true,"href":"https:\/\/camps-escala.com\/es\/wp-json\/wp\/v2\/users\/2"}],"replies":[{"embeddable":true,"href":"https:\/\/camps-escala.com\/es\/wp-json\/wp\/v2\/comments?post=887"}],"version-history":[{"count":3,"href":"https:\/\/camps-escala.com\/es\/wp-json\/wp\/v2\/pages\/887\/revisions"}],"predecessor-version":[{"id":1344,"href":"https:\/\/camps-escala.com\/es\/wp-json\/wp\/v2\/pages\/887\/revisions\/1344"}],"wp:attachment":[{"href":"https:\/\/camps-escala.com\/es\/wp-json\/wp\/v2\/media?parent=887"}],"curies":[{"name":"wp","href":"https:\/\/api.w.org\/{rel}","templated":true}]}}