{"id":882,"date":"2017-12-14T16:09:52","date_gmt":"2017-12-14T15:09:52","guid":{"rendered":"https:\/\/camps-escala.com\/?page_id=882"},"modified":"2023-06-19T13:05:10","modified_gmt":"2023-06-19T11:05:10","slug":"aviso-legal","status":"publish","type":"page","link":"https:\/\/camps-escala.com\/es\/aviso-legal\/","title":{"rendered":"Aviso Legal"},"content":{"rendered":"\t\t<div data-elementor-type=\"wp-page\" data-elementor-id=\"882\" class=\"elementor elementor-882 elementor-664\" data-elementor-post-type=\"page\">\n\t\t\t\t<div class=\"elementor-element elementor-element-d225c4a e-flex e-con-boxed e-con e-parent\" data-id=\"d225c4a\" data-element_type=\"container\">\n\t\t\t\t\t<div class=\"e-con-inner\">\n\t\t\t\t<div class=\"elementor-element elementor-element-59d3202 elementor-widget elementor-widget-heading\" data-id=\"59d3202\" data-element_type=\"widget\" data-widget_type=\"heading.default\">\n\t\t\t\t<div class=\"elementor-widget-container\">\n\t\t\t\t\t<h1 class=\"elementor-heading-title elementor-size-default\">POL\u00cdTICA DE PRIVACIDAD DE DATOS<\/h1>\t\t\t\t<\/div>\n\t\t\t\t<\/div>\n\t\t\t\t<div class=\"elementor-element elementor-element-8c9346a elementor-widget elementor-widget-text-editor\" data-id=\"8c9346a\" data-element_type=\"widget\" data-widget_type=\"text-editor.default\">\n\t\t\t\t<div class=\"elementor-widget-container\">\n\t\t\t\t\t\t\t\t\t<p>Denominaci\u00f3 Social: <strong>TRANSPORTES CAMPS I ESCALA, SL<\/strong><br \/>\nDomicili Social: <strong>C\/RAVAL N \u00ba1 &#8211; 08795 OLESA DE BONESVALLS (BARCELONA)<\/strong><br \/>\nN\u00ba d\u2019Id: <strong>B59930875<\/strong><br \/>\nRegistre Mercantil de Barcelona, Tom 21614, Foli 172, Full N\u00ba 25275, Inscripci\u00f3.<br \/>\nE-mail: <strong>info@camps-escala.com<\/strong><br \/>\nNom del domini: www.camps-escala.com<\/p>\n<p>De conformitat amb all\u00f2 disposat a la Llei Org\u00e0nica 15\/1999, de Protecci\u00f3 de Dades de Car\u00e0cter Personal (LOPD), la seva normativa de desenvolupament, i la LSSICE 34\/2002, d\u201911 de juliol, de la Societat de la Informaci\u00f3 i de Comer\u00e7 Electr\u00f2nic, TRANSPORTES CAMPS I ESCALA, SL en compliment d\u2019all\u00f2 disposat a l\u2019art.5 i 6 de la LOPD, informa a tots els usuaris que facilitin o vagin a facilitar les seves dades personals, que aquestes seran incorporades a un fitxer automatitzat que es troba degudament inscrit a l\u2019Ag\u00e8ncia Espanyola de Protecci\u00f3 de Dades.<\/p>\n<p>Els usuaris accepten expressament i de forma lliure i inequ\u00edvoca que les seves dades personals siguin tractades per part de TRANSPORTES CAMPS I ESCALA, SL amb les seg\u00fcents finalitats:<\/p>\n<ol>\n<li>1. Remissi\u00f3 de comunicacions comercials publicit\u00e0ries per e-mail, fax, SMS, MMS, comunitats socials o qualsevol altre mitj\u00e0 electr\u00f2nic o f\u00edsic, present o futur, que possibiliti realitzar comunicaci\u00f3 comercials, sempre que s&#8217;hagi autoritzat pr\u00e8viament. Aquestes comunicacions comercials seran relacionades a productes o serveis oferts per TRANSPORTES CAMPS I ESCALA, SL aix\u00ed com per part dels col\u00b7laboradors o partners amb els que aquest hagu\u00e9s arribat a algun acord de promoci\u00f3 comercial entre els seus clients. En aquest cas, els tercers mai tindran acc\u00e9s a dades personals. En tot cas, les comunicacions comercials seran realitzades per part de TRANSPORTES CAMPS I ESCALA, SL i seran de productes i serveis relacionats amb el sector de TRANSPORTES CAMPS I ESCALA, SL<\/li>\n<li>2. Realitzar estudis estad\u00edstics.<\/li>\n<li>3. Tramitar enc\u00e0rrecs, sol\u00b7licituds o qualsevol tipus de petici\u00f3 que sigui realitzada per l\u2019usuari a trav\u00e9s de qualsevol de les vies de contacte que es posin a disposici\u00f3 de l\u2019usuari a TRANSPORTES CAMPS I ESCALA, SL.<\/li>\n<\/ol>\n<p>TRANSPORTES CAMPS I ESCALA, SL informa i garanteix expressament als usuaris que les seves dades personals no seran cedides en cap cas a terceres companyies, i que sempre que an\u00e9s a fer-se algun tipus de cessi\u00f3 de dades personals, de manera pr\u00e8via, se sol\u00b7licitaria el consentiment expr\u00e9s, informat i inequ\u00edvoc per part dels titulars.<\/p>\n<p>Complimentant i enviant els corresponents formularis d\u2019aquesta p\u00e0gina web, l\u2019Usuari accepta i autoritza a qu\u00e8 les seves dades personals siguin objecte de tractament automatitzat per part de TRANSPORTES CAMPS I ESCALA, SL. En cas que vost\u00e8 inclogui en els formularis d\u2019aquesta p\u00e0gina web dades de car\u00e0cter personal titularitat de tercers haur\u00e0 de, amb car\u00e0cter previ a la seva inclusi\u00f3, obtenir el seu consentiment i informar-li de tots els continguts esmentats en els par\u00e0grafs anteriors.<\/p>\n<p>Totes les dades sol\u00b7licitades a trav\u00e9s de TRANSPORTES CAMPS I ESCALA, SL s\u00f3n obligat\u00f2ries, ja que s\u00f3n necess\u00e0ries per a la prestaci\u00f3 d\u2019un servei \u00f2ptim a l\u2019usuari. En cas de que no siguin facilitades totes les dades, TRANSPORTES CAMPS I ESCALA, SL no garanteix que la informaci\u00f3 i serveis oferts siguin completament ajustats a les seves necessitats.<\/p>\n<p>TRANSPORTES CAMPS I ESCALA, SL garanteix en tot cas a l\u2019usuari l\u2019exercici dels drets d\u2019acc\u00e9s, rectificaci\u00f3, cancel\u00b7laci\u00f3, informaci\u00f3 i oposici\u00f3, en els termes disposats a la legislaci\u00f3 vigent. Per aix\u00f2, de conformitat amb all\u00f2 disposat a la Llei Org\u00e0nica 15\/1999, de Protecci\u00f3 de Dades de Car\u00e0cter Personal (LOPD) podr\u00e0 exercir els seus drets enviant una sol\u00b7licitud expressa, juntament amb una c\u00f2pia del seu D.d\u2019I. A trav\u00e9s dels seg\u00fcents mitjans:<\/p>\n<ol>\n<li>1. E-Mail: info@camps-escala.com<\/li>\n<li>2. Correu Postal: C\/RAVAL N \u00ba1 &#8211; 08795 OLESA DE BONESVALLS (BARCELONA).<\/li>\n<li>3. De la mateixa manera, l\u2019usuari podr\u00e0 donar-se de baixa de qualsevol dels serveis de subscripci\u00f3 facilitats enviant un correu electr\u00f2nic a: info@camps-escala.com<\/li>\n<\/ol>\n<p>D\u2019igual forma, TRANSPORTES CAMPS I ESCALA, SL ha adoptat totes les mesures t\u00e8cniques i d\u2019organitzaci\u00f3 necess\u00e0ries per a garantir la seguretat i integritat de les dades de car\u00e0cter personal que tracti, aix\u00ed com per a evitar-ne la seva p\u00e8rdua, alteraci\u00f3 i\/o acc\u00e9s per part de tercers no autoritzats.<\/p>\n<h3><strong>SEGURETAT<\/strong><\/h3>\n<p>TRANSPORTES CAMPS I ESCALA, SL utilitza t\u00e8cniques de seguretat de la informaci\u00f3 generalment acceptades a la ind\u00fastria, tals com firewals, procediments de control d\u2019acc\u00e9s i mecanismes criptogr\u00e0fics, tot aix\u00f2 amb l\u2019objecte d\u2019evitar l\u2019acc\u00e9s no autoritzat a les dades. Per a aconseguir aquestes finalitats, l\u2019usuari\/client accepta que el prestador obtingui dades per a efectes de la corresponent autentificaci\u00f3 dels controls d\u2019acc\u00e9s.<\/p>\n<h3><strong>PROPIETAT INDUSTRIAL I INTEL\u00b7LECTUAL<\/strong><\/h3>\n<p>Aquest lloc web \u00e9s propietat de TRANSPORTES CAMPS I ESCALA, SL. Els drets de Propietat Intel\u00b7lectual i d\u2019explotaci\u00f3 i reproducci\u00f3 d\u2019aquest web, de les seves p\u00e0gines, pantalles, la Informaci\u00f3 que contenen, la seva aparen\u00e7a i disseny, aix\u00ed com els vincles (\u00abhiperlinks\u00bb) que s\u2019estableixin des d\u2019aquest a altres p\u00e0gines web de qualsevol societat filial i\/o dominada de TRANSPORTES CAMPS I ESCALA, SL, s\u00f3n propietat exclusiva d\u2019aquesta, llevat que s\u2019especifiqui expressament una altra cosa. Qualsevol denominaci\u00f3, disseny i\/o logotip, aix\u00ed com qualsevol producte o servei oferts i apareguts en aquesta p\u00e0gina web, s\u00f3n marques degudament enregistrades per TRANSPORTES CAMPS I ESCALA, SL, per les seves societats filials i\/o dominades per tercers. Qualsevol \u00fas indegut de les mateixes per persones diferents del seu leg\u00edtim titular i sense el consentiment expr\u00e9s i inequ\u00edvoc per part d\u2019aquest, podr\u00e0 ser denunciat i perseguit a trav\u00e9s de tots els mitjans legals existents a l\u2019Ordenament Jur\u00eddic espanyol i\/o comunitari.<\/p>\n<p>Els drets de propietat intel\u00b7lectual i marques de tercers estan destacats convenientment i han de ser respectats per tot aquell que accedeixi a aquesta p\u00e0gina, no essent responsabilitat de TRANSPORTES CAMPS I ESCALA, SL l\u2019\u00fas que l\u2019usuari pugui portar a terme al respecte, recaient la responsabilitat exclusiva en la seva persona.<\/p>\n<p>Nom\u00e9s es permet descarregar per a \u00fas personal i privat els continguts, copiar o imprimir qualsevol p\u00e0gina d\u2019aquest lloc web. Queda prohibit reproduir, transmetre, modificar o suprimir la informaci\u00f3, contingut o advert\u00e8ncies d\u2019aquesta p\u00e0gina web sense la pr\u00e8via autoritzaci\u00f3 per escrit de TRANSPORTES CAMPS I ESCALA, SL.<\/p>\n<p>Els continguts proporcionats per TRANSPORTES CAMPS I ESCALA, SL estan subjectes als drets de propietat intel\u00b7lectual i industrial i s\u00f3n titularitat exclusiva de TRANSPORTES CAMPS I ESCALA, SL o de les persones f\u00edsiques o jur\u00eddiques que s\u2019informi mitjan\u00e7ant l\u2019adquisici\u00f3 d\u2019un producte o servei. TRANSPORTES CAMPS I ESCALA, SL no confereix a l\u2019adquirent cap dret d\u2019alteraci\u00f3, explotaci\u00f3, reproducci\u00f3, distribuci\u00f3 o comunicaci\u00f3 p\u00fablica sobre el mateix, reservant-se TRANSPORTES CAMPS I ESCALA, SL tots aquests drets. La cessi\u00f3 d\u2019aquests drets precisar\u00e0 el consentiment previ per escrit del titular dels mateixos, de manera que el client no podr\u00e0 posar a disposici\u00f3 de terceres persones aquests continguts.<br \/>\nLa propietat intel\u00b7lectual s\u2019est\u00e9n, a m\u00e9s a m\u00e9s del contingut incl\u00f2s a TRANSPORTES CAMPS I ESCALA, SL, als seus gr\u00e0fics, logotips, dissenys, imatges i codis font utilitzats per a la seva programaci\u00f3.<br \/>\nTRANSPORTES CAMPS I ESCALA, SL ha obtingut la Informaci\u00f3 i els materials inclosos al web de fonts considerades com fiables i, si b\u00e9 s\u2019han pres mesures raonables per assegurar-se que la informaci\u00f3 continguda sigui la correcta, TRANSPORTES CAMPS I ESCALA, SL no pot garantir que en tot moment i circumst\u00e0ncia aquesta informaci\u00f3 sigui exacta, completa, actualitzada i, en conseq\u00fc\u00e8ncia, no s\u2019ha de confiar en ella como si ho fos. TRANSPORTES CAMPS I ESCALA, SL declina expressament qualsevol responsabilitat per error o omissi\u00f3 en la Informaci\u00f3 continguda a les p\u00e0gines d\u2019aquesta web.<\/p>\n<p>TRANSPORTES CAMPS I ESCALA, SL es reserva la facultat de modificar, suspendre, cancel\u00b7lar o restringir el contingut de la web, els vincles o la informaci\u00f3 obtinguda a trav\u00e9s d\u2019aquesta, sense necessitat d\u2019av\u00eds previ. Aquesta, en cap cas, assumeix cap responsabilitat com a conseq\u00fc\u00e8ncia de la utilitzaci\u00f3 incorrecta del web que pugui fer l\u2019usuari, tant de la informaci\u00f3 com dels serveis inclosos.<\/p>\n<p>En cap cas TRANSPORTES CAMPS I ESCALA, SL, les seves sucursals i\/o centres de treball, els seus directors i\/o apoderats, treballadors i, en general, el personal autoritzat ser\u00e0 responsable de qualsevol tipus de perjudici, p\u00e8rdua, reclamaci\u00f3 o despesa, tant si procedeix directa o indirectament, de l\u2019\u00fas i\/o difusi\u00f3 del web o de la informaci\u00f3 adquirida o accedida per o a trav\u00e9s d\u2019aquest o dels seus virus inform\u00e0tics, d\u2019errades operatives o d\u2019interrupcions en el serveis o transmissi\u00f3 o d\u2019errades en la l\u00ednea en l\u2019\u00fas de la web, tant per connexi\u00f3 directa com per vincle o altre mitj\u00e0, constituint, a tots els efectes legals un av\u00eds a qualsevol usuari de que aquestes possibilitats i actes puguin succeir.<\/p>\n<p>TRANSPORTES CAMPS I ESCALA, SL no es fa responsable dels webs no propis als quals es pugui accedir mitjan\u00e7ant vincles o enlla\u00e7os (\u00ablinks\u00bb) o de qualsevol contingut posat a disposici\u00f3 de tercers. Qualsevol \u00fas d\u2019un vincle o acc\u00e9s a una p\u00e0gina web no pr\u00f2pia ser\u00e0 realitzat per voluntat i a risc totalment exclusiu de l\u2019usuari. TRANSPORTES CAMPS I ESCALA, SL no recomana ni garanteix cap de la\/es Informaci\u00f3\/ons obtinguda\/es per o a trav\u00e9s de qualsevol vincle, ni es responsabilitza de cap p\u00e8rdua, reclamaci\u00f3 o perjudici derivat de l\u2019\u00fas o mal \u00fas d\u2019un vincle, o de la Informaci\u00f3 obtinguda a trav\u00e9s d\u2019aquest, inclosos altres enlla\u00e7os o webs, de la interrupci\u00f3 en el servei o en l\u2019acc\u00e9s, o de l\u2019intent d\u2019utilitzar o d\u2019utilitzar incorrectament un vincle, tant en connectar a la p\u00e0gina web de TRANSPORTES CAMPS I ESCALA, SL com en accedir a la informaci\u00f3 d\u2019altres webs des de la mateixa.<\/p>\n<h3><strong>LLEI APLICABLE<\/strong><\/h3>\n<p>La llei aplicable en cas de disputa o conflicte d&#8217;interpretaci\u00f3 dels termes que conformen aquesta Pol\u00edtica de Privacitat, aix\u00ed com qualsevol q\u00fcesti\u00f3 relacionada amb els serveis del present web, ser\u00e0 la llei espanyola.[\/vc_column_text][\/vc_column][\/vc_row]<\/p>\n\t\t\t\t\t\t\t\t<\/div>\n\t\t\t\t<\/div>\n\t\t\t\t\t<\/div>\n\t\t\t\t<\/div>\n\t\t\t\t<\/div>\n\t\t","protected":false},"excerpt":{"rendered":"<p>POL\u00cdTICA DE PRIVACIDAD DE DATOS Denominaci\u00f3 Social: TRANSPORTES CAMPS I ESCALA, SL Domicili Social: C\/RAVAL N \u00ba1 &#8211; 08795 OLESA DE BONESVALLS (BARCELONA) N\u00ba d\u2019Id: B59930875 Registre Mercantil de Barcelona, Tom 21614, Foli 172, Full N\u00ba 25275, Inscripci\u00f3. E-mail: info@camps-escala.com Nom del domini: www.camps-escala.com De conformitat amb all\u00f2 disposat a la Llei Org\u00e0nica 15\/1999, de [&hellip;]<\/p>\n","protected":false},"author":2,"featured_media":0,"parent":0,"menu_order":0,"comment_status":"closed","ping_status":"closed","template":"","meta":{"footnotes":""},"class_list":["post-882","page","type-page","status-publish","hentry"],"_links":{"self":[{"href":"https:\/\/camps-escala.com\/es\/wp-json\/wp\/v2\/pages\/882","targetHints":{"allow":["GET"]}}],"collection":[{"href":"https:\/\/camps-escala.com\/es\/wp-json\/wp\/v2\/pages"}],"about":[{"href":"https:\/\/camps-escala.com\/es\/wp-json\/wp\/v2\/types\/page"}],"author":[{"embeddable":true,"href":"https:\/\/camps-escala.com\/es\/wp-json\/wp\/v2\/users\/2"}],"replies":[{"embeddable":true,"href":"https:\/\/camps-escala.com\/es\/wp-json\/wp\/v2\/comments?post=882"}],"version-history":[{"count":5,"href":"https:\/\/camps-escala.com\/es\/wp-json\/wp\/v2\/pages\/882\/revisions"}],"predecessor-version":[{"id":1345,"href":"https:\/\/camps-escala.com\/es\/wp-json\/wp\/v2\/pages\/882\/revisions\/1345"}],"wp:attachment":[{"href":"https:\/\/camps-escala.com\/es\/wp-json\/wp\/v2\/media?parent=882"}],"curies":[{"name":"wp","href":"https:\/\/api.w.org\/{rel}","templated":true}]}}