{"id":854,"date":"2017-12-10T21:21:15","date_gmt":"2017-12-10T20:21:15","guid":{"rendered":"https:\/\/camps-escala.com\/?page_id=854"},"modified":"2023-06-19T13:09:45","modified_gmt":"2023-06-19T11:09:45","slug":"transports-camps-escala","status":"publish","type":"page","link":"https:\/\/camps-escala.com\/es\/transports-camps-escala\/","title":{"rendered":"Transports Camps i Escala"},"content":{"rendered":"\t\t<div data-elementor-type=\"wp-page\" data-elementor-id=\"854\" class=\"elementor elementor-854 elementor-164\" data-elementor-post-type=\"page\">\n\t\t\t\t<div class=\"elementor-element elementor-element-a1b24cb e-flex e-con-boxed e-con e-parent\" data-id=\"a1b24cb\" data-element_type=\"container\" data-settings=\"{&quot;background_background&quot;:&quot;classic&quot;}\">\n\t\t\t\t\t<div class=\"e-con-inner\">\n\t\t\t\t<div class=\"elementor-element elementor-element-6c18f81 elementor-widget elementor-widget-heading\" data-id=\"6c18f81\" data-element_type=\"widget\" data-widget_type=\"heading.default\">\n\t\t\t\t<div class=\"elementor-widget-container\">\n\t\t\t\t\t<h1 class=\"elementor-heading-title elementor-size-default\">TRANSPORTS CAMPS I ESCALA<\/h1>\t\t\t\t<\/div>\n\t\t\t\t<\/div>\n\t\t\t\t\t<\/div>\n\t\t\t\t<\/div>\n\t\t<div class=\"elementor-element elementor-element-1d5dc57 e-flex e-con-boxed e-con e-parent\" data-id=\"1d5dc57\" data-element_type=\"container\">\n\t\t\t\t\t<div class=\"e-con-inner\">\n\t\t\t\t<div class=\"elementor-element elementor-element-00cd772 elementor-widget elementor-widget-heading\" data-id=\"00cd772\" data-element_type=\"widget\" data-widget_type=\"heading.default\">\n\t\t\t\t<div class=\"elementor-widget-container\">\n\t\t\t\t\t<h2 class=\"elementor-heading-title elementor-size-default\">QUIENES SOMOS<\/h2>\t\t\t\t<\/div>\n\t\t\t\t<\/div>\n\t\t\t\t<div class=\"elementor-element elementor-element-09017f7 elementor-widget-divider--view-line elementor-widget elementor-widget-divider\" data-id=\"09017f7\" data-element_type=\"widget\" data-widget_type=\"divider.default\">\n\t\t\t\t<div class=\"elementor-widget-container\">\n\t\t\t\t\t\t\t<div class=\"elementor-divider\">\n\t\t\t<span class=\"elementor-divider-separator\">\n\t\t\t\t\t\t<\/span>\n\t\t<\/div>\n\t\t\t\t\t\t<\/div>\n\t\t\t\t<\/div>\n\t\t\t\t<div class=\"elementor-element elementor-element-abeb35c elementor-widget elementor-widget-text-editor\" data-id=\"abeb35c\" data-element_type=\"widget\" data-widget_type=\"text-editor.default\">\n\t\t\t\t<div class=\"elementor-widget-container\">\n\t\t\t\t\t\t\t\t\t<p>Transports CAMPS y ESCALA es una empresa del Pened\u00e8s fundada en 1960, que desde entonces no ha parado de crecer.<\/p>\n<p>Suministrar todo el abanico de particulares hasta grandes empresas ha hecho que nuestra firma sea reconocida en todo el Estado.<\/p>\n<p>Transportamos todo tipo de l\u00edquidos alimenticios: vinos, mostos, glucosas, zumos, leche, etc.<\/p>\n<p>Tambi\u00e9n transportamos agua potable para consumo humano<\/p>\n\t\t\t\t\t\t\t\t<\/div>\n\t\t\t\t<\/div>\n\t\t\t\t\t<\/div>\n\t\t\t\t<\/div>\n\t\t<div class=\"elementor-element elementor-element-80449ac e-flex e-con-boxed e-con e-parent\" data-id=\"80449ac\" data-element_type=\"container\" data-settings=\"{&quot;background_background&quot;:&quot;classic&quot;}\">\n\t\t\t\t\t<div class=\"e-con-inner\">\n\t\t<div class=\"elementor-element elementor-element-5d1687f e-con-full e-flex e-con e-parent\" data-id=\"5d1687f\" data-element_type=\"container\">\n\t\t\t\t<div class=\"elementor-element elementor-element-499b181 elementor-widget elementor-widget-image\" data-id=\"499b181\" data-element_type=\"widget\" data-widget_type=\"image.default\">\n\t\t\t\t<div class=\"elementor-widget-container\">\n\t\t\t\t\t\t\t\t\t\t\t\t\t\t\t<img fetchpriority=\"high\" decoding=\"async\" width=\"800\" height=\"621\" src=\"https:\/\/camps-escala.com\/wp-content\/uploads\/2016\/09\/silueta_frontal-1024x795.png\" class=\"attachment-large size-large wp-image-787\" alt=\"\" srcset=\"https:\/\/camps-escala.com\/wp-content\/uploads\/2016\/09\/silueta_frontal-1024x795.png 1024w, https:\/\/camps-escala.com\/wp-content\/uploads\/2016\/09\/silueta_frontal-300x233.png 300w, https:\/\/camps-escala.com\/wp-content\/uploads\/2016\/09\/silueta_frontal-768x596.png 768w, https:\/\/camps-escala.com\/wp-content\/uploads\/2016\/09\/silueta_frontal.png 1036w\" sizes=\"(max-width: 800px) 100vw, 800px\" \/>\t\t\t\t\t\t\t\t\t\t\t\t\t\t\t<\/div>\n\t\t\t\t<\/div>\n\t\t\t\t<\/div>\n\t\t<div class=\"elementor-element elementor-element-e2b7507 e-con-full e-flex e-con e-parent\" data-id=\"e2b7507\" data-element_type=\"container\">\n\t\t\t\t<div class=\"elementor-element elementor-element-95f7954 elementor-widget elementor-widget-heading\" data-id=\"95f7954\" data-element_type=\"widget\" data-widget_type=\"heading.default\">\n\t\t\t\t<div class=\"elementor-widget-container\">\n\t\t\t\t\t<h2 class=\"elementor-heading-title elementor-size-default\">TUS PRODUCTOS CON EL 100% DE SEGURIDAD Y GARANT\u00cdAS<\/h2>\t\t\t\t<\/div>\n\t\t\t\t<\/div>\n\t\t\t\t<div class=\"elementor-element elementor-element-6c0c44e elementor-widget elementor-widget-text-editor\" data-id=\"6c0c44e\" data-element_type=\"widget\" data-widget_type=\"text-editor.default\">\n\t\t\t\t<div class=\"elementor-widget-container\">\n\t\t\t\t\t\t\t\t\t<p>Con el fin de ofrecer las m\u00e1ximas garant\u00edas, nuestras cisternas son de acero inoxidable adem\u00e1s de isot\u00e9rmicas con compartimentos individuales.<\/p>\n\t\t\t\t\t\t\t\t<\/div>\n\t\t\t\t<\/div>\n\t\t\t\t<div class=\"elementor-element elementor-element-69d6521 elementor-widget elementor-widget-button\" data-id=\"69d6521\" data-element_type=\"widget\" data-widget_type=\"button.default\">\n\t\t\t\t<div class=\"elementor-widget-container\">\n\t\t\t\t\t\t\t\t\t<div class=\"elementor-button-wrapper\">\n\t\t\t\t\t<a class=\"elementor-button elementor-button-link elementor-size-sm elementor-animation-shrink\" href=\"https:\/\/camps-escala.com\/transporte-de-liquidos\/?lang=es\">\n\t\t\t\t\t\t<span class=\"elementor-button-content-wrapper\">\n\t\t\t\t\t\t<span class=\"elementor-button-icon\">\n\t\t\t\t<svg aria-hidden=\"true\" class=\"e-font-icon-svg e-fas-arrow-right\" viewBox=\"0 0 448 512\" xmlns=\"http:\/\/www.w3.org\/2000\/svg\"><path d=\"M190.5 66.9l22.2-22.2c9.4-9.4 24.6-9.4 33.9 0L441 239c9.4 9.4 9.4 24.6 0 33.9L246.6 467.3c-9.4 9.4-24.6 9.4-33.9 0l-22.2-22.2c-9.5-9.5-9.3-25 .4-34.3L311.4 296H24c-13.3 0-24-10.7-24-24v-32c0-13.3 10.7-24 24-24h287.4L190.9 101.2c-9.8-9.3-10-24.8-.4-34.3z\"><\/path><\/svg>\t\t\t<\/span>\n\t\t\t\t\t\t\t\t\t<span class=\"elementor-button-text\">NUESTROS SERVICIOS<\/span>\n\t\t\t\t\t<\/span>\n\t\t\t\t\t<\/a>\n\t\t\t\t<\/div>\n\t\t\t\t\t\t\t\t<\/div>\n\t\t\t\t<\/div>\n\t\t\t\t<\/div>\n\t\t\t\t\t<\/div>\n\t\t\t\t<\/div>\n\t\t<div class=\"elementor-element elementor-element-c38371f e-flex e-con-boxed e-con e-parent\" data-id=\"c38371f\" data-element_type=\"container\">\n\t\t\t\t\t<div class=\"e-con-inner\">\n\t\t\t\t<div class=\"elementor-element elementor-element-bbea978 elementor-widget elementor-widget-heading\" data-id=\"bbea978\" data-element_type=\"widget\" data-widget_type=\"heading.default\">\n\t\t\t\t<div class=\"elementor-widget-container\">\n\t\t\t\t\t<h2 class=\"elementor-heading-title elementor-size-default\">CERTIFICADOS Y GARANT\u00cdAS<\/h2>\t\t\t\t<\/div>\n\t\t\t\t<\/div>\n\t\t\t\t<div class=\"elementor-element elementor-element-b3be319 elementor-widget-divider--view-line elementor-widget elementor-widget-divider\" data-id=\"b3be319\" data-element_type=\"widget\" data-widget_type=\"divider.default\">\n\t\t\t\t<div class=\"elementor-widget-container\">\n\t\t\t\t\t\t\t<div class=\"elementor-divider\">\n\t\t\t<span class=\"elementor-divider-separator\">\n\t\t\t\t\t\t<\/span>\n\t\t<\/div>\n\t\t\t\t\t\t<\/div>\n\t\t\t\t<\/div>\n\t\t\t\t<div class=\"elementor-element elementor-element-bf13976 elementor-widget elementor-widget-text-editor\" data-id=\"bf13976\" data-element_type=\"widget\" data-widget_type=\"text-editor.default\">\n\t\t\t\t<div class=\"elementor-widget-container\">\n\t\t\t\t\t\t\t\t\t<p>Transports Camps y Escala dispone de los certificados estatales de calidad.<\/p>\n<p>Estos certificados son el resultado del esfuerzo diario por conseguir la satisfacci\u00f3n total del cliente, el m\u00e1ximo rigor en los plazos de entrega y el cumplimiento de los timings establecidos en cada caso, adem\u00e1s de la calidad que ofrecemos en el traslado de tu mercanc\u00eda.<\/p>\n\t\t\t\t\t\t\t\t<\/div>\n\t\t\t\t<\/div>\n\t\t\t\t<div class=\"elementor-element elementor-element-073ac6c elementor-widget-divider--view-line elementor-widget elementor-widget-divider\" data-id=\"073ac6c\" data-element_type=\"widget\" data-widget_type=\"divider.default\">\n\t\t\t\t<div class=\"elementor-widget-container\">\n\t\t\t\t\t\t\t<div class=\"elementor-divider\">\n\t\t\t<span class=\"elementor-divider-separator\">\n\t\t\t\t\t\t<\/span>\n\t\t<\/div>\n\t\t\t\t\t\t<\/div>\n\t\t\t\t<\/div>\n\t\t\t\t<div class=\"elementor-element elementor-element-1ff84a1 elementor-position-left elementor-vertical-align-middle elementor-widget elementor-widget-image-box\" data-id=\"1ff84a1\" data-element_type=\"widget\" data-widget_type=\"image-box.default\">\n\t\t\t\t<div class=\"elementor-widget-container\">\n\t\t\t\t\t<div class=\"elementor-image-box-wrapper\"><figure class=\"elementor-image-box-img\"><img decoding=\"async\" width=\"500\" height=\"500\" src=\"https:\/\/camps-escala.com\/wp-content\/uploads\/2016\/04\/rsipac.png\" class=\"attachment-full size-full wp-image-824\" alt=\"Certificado RSIPAC Transports Camps i Escala\" srcset=\"https:\/\/camps-escala.com\/wp-content\/uploads\/2016\/04\/rsipac.png 500w, https:\/\/camps-escala.com\/wp-content\/uploads\/2016\/04\/rsipac-150x150.png 150w, https:\/\/camps-escala.com\/wp-content\/uploads\/2016\/04\/rsipac-300x300.png 300w\" sizes=\"(max-width: 500px) 100vw, 500px\" \/><\/figure><div class=\"elementor-image-box-content\"><h3 class=\"elementor-image-box-title\">RSIPAC<\/h3><p class=\"elementor-image-box-description\">Nuestras cisternas disponen de la autorizaci\u00f3n sanitaria para el transporte y distribuci\u00f3n de agua de consumo p\u00fablico, inscrita en el RGAA n\u00fam. 27.02568\/B y RSIPAC n\u00fam. 27.04304 \/ CAT<\/p><\/div><\/div>\t\t\t\t<\/div>\n\t\t\t\t<\/div>\n\t\t\t\t<div class=\"elementor-element elementor-element-fbfdcfd elementor-widget-divider--view-line elementor-widget elementor-widget-divider\" data-id=\"fbfdcfd\" data-element_type=\"widget\" data-widget_type=\"divider.default\">\n\t\t\t\t<div class=\"elementor-widget-container\">\n\t\t\t\t\t\t\t<div class=\"elementor-divider\">\n\t\t\t<span class=\"elementor-divider-separator\">\n\t\t\t\t\t\t<\/span>\n\t\t<\/div>\n\t\t\t\t\t\t<\/div>\n\t\t\t\t<\/div>\n\t\t\t\t<div class=\"elementor-element elementor-element-2761eb9 elementor-position-left elementor-vertical-align-middle elementor-widget elementor-widget-image-box\" data-id=\"2761eb9\" data-element_type=\"widget\" data-widget_type=\"image-box.default\">\n\t\t\t\t<div class=\"elementor-widget-container\">\n\t\t\t\t\t<div class=\"elementor-image-box-wrapper\"><figure class=\"elementor-image-box-img\"><img decoding=\"async\" width=\"225\" height=\"225\" src=\"https:\/\/camps-escala.com\/wp-content\/uploads\/2016\/04\/aesan.jpg\" class=\"attachment-full size-full wp-image-835\" alt=\"\" srcset=\"https:\/\/camps-escala.com\/wp-content\/uploads\/2016\/04\/aesan.jpg 225w, https:\/\/camps-escala.com\/wp-content\/uploads\/2016\/04\/aesan-150x150.jpg 150w\" sizes=\"(max-width: 225px) 100vw, 225px\" \/><\/figure><div class=\"elementor-image-box-content\"><h3 class=\"elementor-image-box-title\">RGSEAA<\/h3><p class=\"elementor-image-box-description\">Estamos inscritos en el Registro Sanitario de Empresas Alimentarias (RGSEAA) en el \u00e1mbito nacional y comunitario.<\/p><\/div><\/div>\t\t\t\t<\/div>\n\t\t\t\t<\/div>\n\t\t\t\t\t<\/div>\n\t\t\t\t<\/div>\n\t\t<div class=\"elementor-element elementor-element-16c01bc e-flex e-con-boxed e-con e-parent\" data-id=\"16c01bc\" data-element_type=\"container\" data-settings=\"{&quot;background_background&quot;:&quot;classic&quot;}\">\n\t\t\t\t\t<div class=\"e-con-inner\">\n\t\t<div class=\"elementor-element elementor-element-f55e03d e-con-full e-flex e-con e-parent\" data-id=\"f55e03d\" data-element_type=\"container\">\n\t\t\t\t<div class=\"elementor-element elementor-element-89d87ad elementor-widget elementor-widget-heading\" data-id=\"89d87ad\" data-element_type=\"widget\" data-widget_type=\"heading.default\">\n\t\t\t\t<div class=\"elementor-widget-container\">\n\t\t\t\t\t<h2 class=\"elementor-heading-title elementor-size-default\">TRANSPORTS CAMPS I ESCALA<\/h2>\t\t\t\t<\/div>\n\t\t\t\t<\/div>\n\t\t\t\t<div class=\"elementor-element elementor-element-ccf8556 elementor-widget elementor-widget-heading\" data-id=\"ccf8556\" data-element_type=\"widget\" data-widget_type=\"heading.default\">\n\t\t\t\t<div class=\"elementor-widget-container\">\n\t\t\t\t\t<div class=\"elementor-heading-title elementor-size-default\">Contacta con nosotros si tienes cualquier<br>necesidad de transporte con cisternas.<\/div>\t\t\t\t<\/div>\n\t\t\t\t<\/div>\n\t\t\t\t<\/div>\n\t\t<div class=\"elementor-element elementor-element-efcdc35 e-con-full e-flex e-con e-parent\" data-id=\"efcdc35\" data-element_type=\"container\">\n\t\t\t\t<div class=\"elementor-element elementor-element-796dc6b elementor-align-right elementor-mobile-align-center elementor-widget elementor-widget-button\" data-id=\"796dc6b\" data-element_type=\"widget\" data-widget_type=\"button.default\">\n\t\t\t\t<div class=\"elementor-widget-container\">\n\t\t\t\t\t\t\t\t\t<div class=\"elementor-button-wrapper\">\n\t\t\t\t\t<a class=\"elementor-button elementor-button-link elementor-size-sm elementor-animation-shrink\" href=\"https:\/\/camps-escala.com\/contacto\/?lang=es\">\n\t\t\t\t\t\t<span class=\"elementor-button-content-wrapper\">\n\t\t\t\t\t\t<span class=\"elementor-button-icon\">\n\t\t\t\t<svg aria-hidden=\"true\" class=\"e-font-icon-svg e-fas-arrow-right\" viewBox=\"0 0 448 512\" xmlns=\"http:\/\/www.w3.org\/2000\/svg\"><path d=\"M190.5 66.9l22.2-22.2c9.4-9.4 24.6-9.4 33.9 0L441 239c9.4 9.4 9.4 24.6 0 33.9L246.6 467.3c-9.4 9.4-24.6 9.4-33.9 0l-22.2-22.2c-9.5-9.5-9.3-25 .4-34.3L311.4 296H24c-13.3 0-24-10.7-24-24v-32c0-13.3 10.7-24 24-24h287.4L190.9 101.2c-9.8-9.3-10-24.8-.4-34.3z\"><\/path><\/svg>\t\t\t<\/span>\n\t\t\t\t\t\t\t\t\t<span class=\"elementor-button-text\">CONTACTANOS<\/span>\n\t\t\t\t\t<\/span>\n\t\t\t\t\t<\/a>\n\t\t\t\t<\/div>\n\t\t\t\t\t\t\t\t<\/div>\n\t\t\t\t<\/div>\n\t\t\t\t<\/div>\n\t\t\t\t\t<\/div>\n\t\t\t\t<\/div>\n\t\t\t\t<\/div>\n\t\t","protected":false},"excerpt":{"rendered":"<p>TRANSPORTS CAMPS I ESCALA QUIENES SOMOS Transports CAMPS y ESCALA es una empresa del Pened\u00e8s fundada en 1960, que desde entonces no ha parado de crecer. Suministrar todo el abanico de particulares hasta grandes empresas ha hecho que nuestra firma sea reconocida en todo el Estado. Transportamos todo tipo de l\u00edquidos alimenticios: vinos, mostos, glucosas, [&hellip;]<\/p>\n","protected":false},"author":2,"featured_media":0,"parent":0,"menu_order":0,"comment_status":"closed","ping_status":"closed","template":"","meta":{"footnotes":""},"class_list":["post-854","page","type-page","status-publish","hentry"],"_links":{"self":[{"href":"https:\/\/camps-escala.com\/es\/wp-json\/wp\/v2\/pages\/854","targetHints":{"allow":["GET"]}}],"collection":[{"href":"https:\/\/camps-escala.com\/es\/wp-json\/wp\/v2\/pages"}],"about":[{"href":"https:\/\/camps-escala.com\/es\/wp-json\/wp\/v2\/types\/page"}],"author":[{"embeddable":true,"href":"https:\/\/camps-escala.com\/es\/wp-json\/wp\/v2\/users\/2"}],"replies":[{"embeddable":true,"href":"https:\/\/camps-escala.com\/es\/wp-json\/wp\/v2\/comments?post=854"}],"version-history":[{"count":7,"href":"https:\/\/camps-escala.com\/es\/wp-json\/wp\/v2\/pages\/854\/revisions"}],"predecessor-version":[{"id":1346,"href":"https:\/\/camps-escala.com\/es\/wp-json\/wp\/v2\/pages\/854\/revisions\/1346"}],"wp:attachment":[{"href":"https:\/\/camps-escala.com\/es\/wp-json\/wp\/v2\/media?parent=854"}],"curies":[{"name":"wp","href":"https:\/\/api.w.org\/{rel}","templated":true}]}}